{"id":5452,"date":"2018-01-16T15:51:12","date_gmt":"2018-01-16T15:51:12","guid":{"rendered":"https:\/\/actheatandair.com\/bombas-de-calor-sin-conductos\/"},"modified":"2023-05-02T17:11:35","modified_gmt":"2023-05-02T17:11:35","slug":"bombas-de-calor-sin-conductos","status":"publish","type":"page","link":"https:\/\/actheatandair.com\/es\/bombas-de-calor-sin-conductos\/","title":{"rendered":"Bombas de calor sin conductos"},"content":{"rendered":"<div class=\"wpb-content-wrapper\"><p>Las bombas de calor aire-aire son cada vez m\u00e1s populares como fuente de calor primaria en climas m\u00e1s fr\u00edos. Aqu\u00ed le mostramos c\u00f3mo aprovechar al m\u00e1ximo su sistema.[vc_row][vc_column][vc_raw_html]PGRpdiBzdHlsZT0idGV4dC1hbGlnbjogY2VudGVyIj4gICAgICAgCjxpZnJhbWUgc3JjPSJodHRwczovL3d3dy5nb29nbGUuY29tL21hcHMvZW1iZWQ\/cGI9ITFtMTQhMW04ITFtMyExZDEwOTY5LjkzOTk0Njc4OTM2NyEyZC0xMjAuNTA3NDIxITNkNDYuNTc3NjQ5ITNtMiExaTEwMjQhMmk3NjghNGYxMy4xITNtMyExbTIhMXMweDAlM0EweDM3MzE1NjVjMjEzNzdjMWQhMnNBYnNvbHV0ZSUyMENvbWZvcnQlMjBUZWNobm9sb2d5JTJDTExDITVlMCEzbTIhMXNlbiEyc3VzITR2MTY3MTEzMTc5NzY2NyE1bTIhMXNlbiEyc3VzIiB3aWR0aD0iNjAwIiBoZWlnaHQ9IjQ1MCIgc3R5bGU9ImJvcmRlcjowOyIgYWxsb3dmdWxsc2NyZWVuPSIiIGxvYWRpbmc9ImxhenkiIHJlZmVycmVycG9saWN5PSJuby1yZWZlcnJlci13aGVuLWRvd25ncmFkZSI+PC9pZnJhbWU+PC9kaXY+[\/vc_raw_html][\/vc_column][\/vc_row]<\/p>\n<\/div>","protected":false},"excerpt":{"rendered":"<p>Las bombas de calor aire-aire son cada vez m\u00e1s populares como fuente de calor primaria en climas m\u00e1s fr\u00edos. Aqu\u00ed le mostramos c\u00f3mo aprovechar al m\u00e1ximo<span class=\"excerpt-hellip\"> [\u2026]<\/span><\/p>\n","protected":false},"author":1,"featured_media":0,"parent":0,"menu_order":0,"comment_status":"closed","ping_status":"closed","template":"","meta":{"footnotes":""},"class_list":["post-5452","page","type-page","status-publish","hentry"],"yoast_head":"<!-- This site is optimized with the Yoast SEO plugin v27.4 - https:\/\/yoast.com\/product\/yoast-seo-wordpress\/ -->\n<title>Bombas de Calor sin Ductos y Sistemas Mini Split | ACT - Yakima Valley&#039;s HVAC | 509-388-2997<\/title>\n<meta name=\"description\" content=\"Encuentre la bomba de calor sin conductos perfecta para su hogar con ACT ubicado en Yakima, WA. Ofrecemos una amplia selecci\u00f3n de bombas de calor entre las que elegir, para que pueda encontrar la perfecta para sus necesidades.\" \/>\n<meta name=\"robots\" content=\"index, follow, max-snippet:-1, max-image-preview:large, max-video-preview:-1\" \/>\n<link rel=\"canonical\" href=\"https:\/\/actheatandair.com\/es\/bombas-de-calor-sin-conductos\/\" \/>\n<meta property=\"og:locale\" content=\"es_ES\" \/>\n<meta property=\"og:type\" content=\"article\" \/>\n<meta property=\"og:title\" content=\"Bombas de Calor sin Ductos y Sistemas Mini Split | ACT - Yakima Valley&#039;s HVAC | 509-388-2997\" \/>\n<meta property=\"og:description\" content=\"Encuentre la bomba de calor sin conductos perfecta para su hogar con ACT ubicado en Yakima, WA. Ofrecemos una amplia selecci\u00f3n de bombas de calor entre las que elegir, para que pueda encontrar la perfecta para sus necesidades.\" \/>\n<meta property=\"og:url\" content=\"https:\/\/actheatandair.com\/es\/bombas-de-calor-sin-conductos\/\" \/>\n<meta property=\"og:site_name\" content=\"ACT - Absolute Comfort Technology\" \/>\n<meta property=\"article:modified_time\" content=\"2023-05-02T17:11:35+00:00\" \/>\n<meta name=\"twitter:card\" content=\"summary_large_image\" \/>\n<script type=\"application\/ld+json\" class=\"yoast-schema-graph\">{\"@context\":\"https:\\\/\\\/schema.org\",\"@graph\":[{\"@type\":\"WebPage\",\"@id\":\"https:\\\/\\\/actheatandair.com\\\/es\\\/bombas-de-calor-sin-conductos\\\/\",\"url\":\"https:\\\/\\\/actheatandair.com\\\/es\\\/bombas-de-calor-sin-conductos\\\/\",\"name\":\"Bombas de Calor sin Ductos y Sistemas Mini Split | ACT - Yakima Valley's HVAC | 509-388-2997\",\"isPartOf\":{\"@id\":\"https:\\\/\\\/actheatandair.com\\\/#website\"},\"datePublished\":\"2018-01-16T15:51:12+00:00\",\"dateModified\":\"2023-05-02T17:11:35+00:00\",\"description\":\"Encuentre la bomba de calor sin conductos perfecta para su hogar con ACT ubicado en Yakima, WA. Ofrecemos una amplia selecci\u00f3n de bombas de calor entre las que elegir, para que pueda encontrar la perfecta para sus necesidades.\",\"breadcrumb\":{\"@id\":\"https:\\\/\\\/actheatandair.com\\\/es\\\/bombas-de-calor-sin-conductos\\\/#breadcrumb\"},\"inLanguage\":\"es\",\"potentialAction\":[{\"@type\":\"ReadAction\",\"target\":[\"https:\\\/\\\/actheatandair.com\\\/es\\\/bombas-de-calor-sin-conductos\\\/\"]}]},{\"@type\":\"BreadcrumbList\",\"@id\":\"https:\\\/\\\/actheatandair.com\\\/es\\\/bombas-de-calor-sin-conductos\\\/#breadcrumb\",\"itemListElement\":[{\"@type\":\"ListItem\",\"position\":1,\"name\":\"Home\",\"item\":\"https:\\\/\\\/actheatandair.com\\\/\"},{\"@type\":\"ListItem\",\"position\":2,\"name\":\"Bombas de calor sin conductos\"}]},{\"@type\":\"WebSite\",\"@id\":\"https:\\\/\\\/actheatandair.com\\\/#website\",\"url\":\"https:\\\/\\\/actheatandair.com\\\/\",\"name\":\"ACT - Absolute Comfort Technology\",\"description\":\"Yakima Best HVAC - Commercial - Residential Heating and Air Conditioning\",\"potentialAction\":[{\"@type\":\"SearchAction\",\"target\":{\"@type\":\"EntryPoint\",\"urlTemplate\":\"https:\\\/\\\/actheatandair.com\\\/?s={search_term_string}\"},\"query-input\":{\"@type\":\"PropertyValueSpecification\",\"valueRequired\":true,\"valueName\":\"search_term_string\"}}],\"inLanguage\":\"es\"}]}<\/script>\n<!-- \/ Yoast SEO plugin. -->","yoast_head_json":{"title":"Bombas de Calor sin Ductos y Sistemas Mini Split | ACT - Yakima Valley's HVAC | 509-388-2997","description":"Encuentre la bomba de calor sin conductos perfecta para su hogar con ACT ubicado en Yakima, WA. Ofrecemos una amplia selecci\u00f3n de bombas de calor entre las que elegir, para que pueda encontrar la perfecta para sus necesidades.","robots":{"index":"index","follow":"follow","max-snippet":"max-snippet:-1","max-image-preview":"max-image-preview:large","max-video-preview":"max-video-preview:-1"},"canonical":"https:\/\/actheatandair.com\/es\/bombas-de-calor-sin-conductos\/","og_locale":"es_ES","og_type":"article","og_title":"Bombas de Calor sin Ductos y Sistemas Mini Split | ACT - Yakima Valley's HVAC | 509-388-2997","og_description":"Encuentre la bomba de calor sin conductos perfecta para su hogar con ACT ubicado en Yakima, WA. Ofrecemos una amplia selecci\u00f3n de bombas de calor entre las que elegir, para que pueda encontrar la perfecta para sus necesidades.","og_url":"https:\/\/actheatandair.com\/es\/bombas-de-calor-sin-conductos\/","og_site_name":"ACT - Absolute Comfort Technology","article_modified_time":"2023-05-02T17:11:35+00:00","twitter_card":"summary_large_image","schema":{"@context":"https:\/\/schema.org","@graph":[{"@type":"WebPage","@id":"https:\/\/actheatandair.com\/es\/bombas-de-calor-sin-conductos\/","url":"https:\/\/actheatandair.com\/es\/bombas-de-calor-sin-conductos\/","name":"Bombas de Calor sin Ductos y Sistemas Mini Split | ACT - Yakima Valley's HVAC | 509-388-2997","isPartOf":{"@id":"https:\/\/actheatandair.com\/#website"},"datePublished":"2018-01-16T15:51:12+00:00","dateModified":"2023-05-02T17:11:35+00:00","description":"Encuentre la bomba de calor sin conductos perfecta para su hogar con ACT ubicado en Yakima, WA. Ofrecemos una amplia selecci\u00f3n de bombas de calor entre las que elegir, para que pueda encontrar la perfecta para sus necesidades.","breadcrumb":{"@id":"https:\/\/actheatandair.com\/es\/bombas-de-calor-sin-conductos\/#breadcrumb"},"inLanguage":"es","potentialAction":[{"@type":"ReadAction","target":["https:\/\/actheatandair.com\/es\/bombas-de-calor-sin-conductos\/"]}]},{"@type":"BreadcrumbList","@id":"https:\/\/actheatandair.com\/es\/bombas-de-calor-sin-conductos\/#breadcrumb","itemListElement":[{"@type":"ListItem","position":1,"name":"Home","item":"https:\/\/actheatandair.com\/"},{"@type":"ListItem","position":2,"name":"Bombas de calor sin conductos"}]},{"@type":"WebSite","@id":"https:\/\/actheatandair.com\/#website","url":"https:\/\/actheatandair.com\/","name":"ACT - Absolute Comfort Technology","description":"Yakima Best HVAC - Commercial - Residential Heating and Air Conditioning","potentialAction":[{"@type":"SearchAction","target":{"@type":"EntryPoint","urlTemplate":"https:\/\/actheatandair.com\/?s={search_term_string}"},"query-input":{"@type":"PropertyValueSpecification","valueRequired":true,"valueName":"search_term_string"}}],"inLanguage":"es"}]}},"_links":{"self":[{"href":"https:\/\/actheatandair.com\/es\/wp-json\/wp\/v2\/pages\/5452","targetHints":{"allow":["GET"]}}],"collection":[{"href":"https:\/\/actheatandair.com\/es\/wp-json\/wp\/v2\/pages"}],"about":[{"href":"https:\/\/actheatandair.com\/es\/wp-json\/wp\/v2\/types\/page"}],"author":[{"embeddable":true,"href":"https:\/\/actheatandair.com\/es\/wp-json\/wp\/v2\/users\/1"}],"replies":[{"embeddable":true,"href":"https:\/\/actheatandair.com\/es\/wp-json\/wp\/v2\/comments?post=5452"}],"version-history":[{"count":0,"href":"https:\/\/actheatandair.com\/es\/wp-json\/wp\/v2\/pages\/5452\/revisions"}],"wp:attachment":[{"href":"https:\/\/actheatandair.com\/es\/wp-json\/wp\/v2\/media?parent=5452"}],"curies":[{"name":"wp","href":"https:\/\/api.w.org\/{rel}","templated":true}]}}