{"id":5497,"date":"2017-11-06T11:31:26","date_gmt":"2017-11-06T11:31:26","guid":{"rendered":"https:\/\/actheatandair.com\/contacte-con\/"},"modified":"2023-05-10T18:58:25","modified_gmt":"2023-05-10T18:58:25","slug":"contacte-con","status":"publish","type":"page","link":"https:\/\/actheatandair.com\/es\/contacte-con\/","title":{"rendered":"Contacte con"},"content":{"rendered":"","protected":false},"excerpt":{"rendered":"","protected":false},"author":1,"featured_media":0,"parent":0,"menu_order":0,"comment_status":"closed","ping_status":"closed","template":"","meta":{"footnotes":""},"class_list":["post-5497","page","type-page","status-publish","hentry"],"yoast_head":"<!-- This site is optimized with the Yoast SEO plugin v27.4 - https:\/\/yoast.com\/product\/yoast-seo-wordpress\/ -->\n<title>Cont\u00e1ctenos Ahora | ACT - Yakima&#039;s Choice for HVAC | 509-388-2997<\/title>\n<meta name=\"description\" content=\"Absolute Comfort Technology es una empresa galardonada de calefacci\u00f3n y refrigeraci\u00f3n en el \u00e1rea metropolitana de Yakima. Ofrecemos un servicio excepcional para su hogar o negocio. Contacte con nosotros hoy mismo\" \/>\n<meta name=\"robots\" content=\"index, follow, max-snippet:-1, max-image-preview:large, max-video-preview:-1\" \/>\n<link rel=\"canonical\" href=\"https:\/\/actheatandair.com\/es\/contacte-con\/\" \/>\n<meta property=\"og:locale\" content=\"es_ES\" \/>\n<meta property=\"og:type\" content=\"article\" \/>\n<meta property=\"og:title\" content=\"Cont\u00e1ctenos Ahora | ACT - Yakima&#039;s Choice for HVAC | 509-388-2997\" \/>\n<meta property=\"og:description\" content=\"Absolute Comfort Technology es una empresa galardonada de calefacci\u00f3n y refrigeraci\u00f3n en el \u00e1rea metropolitana de Yakima. Ofrecemos un servicio excepcional para su hogar o negocio. Contacte con nosotros hoy mismo\" \/>\n<meta property=\"og:url\" content=\"https:\/\/actheatandair.com\/es\/contacte-con\/\" \/>\n<meta property=\"og:site_name\" content=\"ACT - Absolute Comfort Technology\" \/>\n<meta property=\"article:modified_time\" content=\"2023-05-10T18:58:25+00:00\" \/>\n<meta name=\"twitter:card\" content=\"summary_large_image\" \/>\n<script type=\"application\/ld+json\" class=\"yoast-schema-graph\">{\"@context\":\"https:\\\/\\\/schema.org\",\"@graph\":[{\"@type\":\"WebPage\",\"@id\":\"https:\\\/\\\/actheatandair.com\\\/es\\\/contacte-con\\\/\",\"url\":\"https:\\\/\\\/actheatandair.com\\\/es\\\/contacte-con\\\/\",\"name\":\"Cont\u00e1ctenos Ahora | ACT - Yakima's Choice for HVAC | 509-388-2997\",\"isPartOf\":{\"@id\":\"https:\\\/\\\/actheatandair.com\\\/#website\"},\"datePublished\":\"2017-11-06T11:31:26+00:00\",\"dateModified\":\"2023-05-10T18:58:25+00:00\",\"description\":\"Absolute Comfort Technology es una empresa galardonada de calefacci\u00f3n y refrigeraci\u00f3n en el \u00e1rea metropolitana de Yakima. Ofrecemos un servicio excepcional para su hogar o negocio. Contacte con nosotros hoy mismo\",\"breadcrumb\":{\"@id\":\"https:\\\/\\\/actheatandair.com\\\/es\\\/contacte-con\\\/#breadcrumb\"},\"inLanguage\":\"es\",\"potentialAction\":[{\"@type\":\"ReadAction\",\"target\":[\"https:\\\/\\\/actheatandair.com\\\/es\\\/contacte-con\\\/\"]}]},{\"@type\":\"BreadcrumbList\",\"@id\":\"https:\\\/\\\/actheatandair.com\\\/es\\\/contacte-con\\\/#breadcrumb\",\"itemListElement\":[{\"@type\":\"ListItem\",\"position\":1,\"name\":\"Home\",\"item\":\"https:\\\/\\\/actheatandair.com\\\/\"},{\"@type\":\"ListItem\",\"position\":2,\"name\":\"Contacte con\"}]},{\"@type\":\"WebSite\",\"@id\":\"https:\\\/\\\/actheatandair.com\\\/#website\",\"url\":\"https:\\\/\\\/actheatandair.com\\\/\",\"name\":\"ACT - Absolute Comfort Technology\",\"description\":\"Yakima Best HVAC - Commercial - Residential Heating and Air Conditioning\",\"potentialAction\":[{\"@type\":\"SearchAction\",\"target\":{\"@type\":\"EntryPoint\",\"urlTemplate\":\"https:\\\/\\\/actheatandair.com\\\/?s={search_term_string}\"},\"query-input\":{\"@type\":\"PropertyValueSpecification\",\"valueRequired\":true,\"valueName\":\"search_term_string\"}}],\"inLanguage\":\"es\"}]}<\/script>\n<!-- \/ Yoast SEO plugin. -->","yoast_head_json":{"title":"Cont\u00e1ctenos Ahora | ACT - Yakima's Choice for HVAC | 509-388-2997","description":"Absolute Comfort Technology es una empresa galardonada de calefacci\u00f3n y refrigeraci\u00f3n en el \u00e1rea metropolitana de Yakima. Ofrecemos un servicio excepcional para su hogar o negocio. Contacte con nosotros hoy mismo","robots":{"index":"index","follow":"follow","max-snippet":"max-snippet:-1","max-image-preview":"max-image-preview:large","max-video-preview":"max-video-preview:-1"},"canonical":"https:\/\/actheatandair.com\/es\/contacte-con\/","og_locale":"es_ES","og_type":"article","og_title":"Cont\u00e1ctenos Ahora | ACT - Yakima's Choice for HVAC | 509-388-2997","og_description":"Absolute Comfort Technology es una empresa galardonada de calefacci\u00f3n y refrigeraci\u00f3n en el \u00e1rea metropolitana de Yakima. Ofrecemos un servicio excepcional para su hogar o negocio. Contacte con nosotros hoy mismo","og_url":"https:\/\/actheatandair.com\/es\/contacte-con\/","og_site_name":"ACT - Absolute Comfort Technology","article_modified_time":"2023-05-10T18:58:25+00:00","twitter_card":"summary_large_image","schema":{"@context":"https:\/\/schema.org","@graph":[{"@type":"WebPage","@id":"https:\/\/actheatandair.com\/es\/contacte-con\/","url":"https:\/\/actheatandair.com\/es\/contacte-con\/","name":"Cont\u00e1ctenos Ahora | ACT - Yakima's Choice for HVAC | 509-388-2997","isPartOf":{"@id":"https:\/\/actheatandair.com\/#website"},"datePublished":"2017-11-06T11:31:26+00:00","dateModified":"2023-05-10T18:58:25+00:00","description":"Absolute Comfort Technology es una empresa galardonada de calefacci\u00f3n y refrigeraci\u00f3n en el \u00e1rea metropolitana de Yakima. Ofrecemos un servicio excepcional para su hogar o negocio. Contacte con nosotros hoy mismo","breadcrumb":{"@id":"https:\/\/actheatandair.com\/es\/contacte-con\/#breadcrumb"},"inLanguage":"es","potentialAction":[{"@type":"ReadAction","target":["https:\/\/actheatandair.com\/es\/contacte-con\/"]}]},{"@type":"BreadcrumbList","@id":"https:\/\/actheatandair.com\/es\/contacte-con\/#breadcrumb","itemListElement":[{"@type":"ListItem","position":1,"name":"Home","item":"https:\/\/actheatandair.com\/"},{"@type":"ListItem","position":2,"name":"Contacte con"}]},{"@type":"WebSite","@id":"https:\/\/actheatandair.com\/#website","url":"https:\/\/actheatandair.com\/","name":"ACT - Absolute Comfort Technology","description":"Yakima Best HVAC - Commercial - Residential Heating and Air Conditioning","potentialAction":[{"@type":"SearchAction","target":{"@type":"EntryPoint","urlTemplate":"https:\/\/actheatandair.com\/?s={search_term_string}"},"query-input":{"@type":"PropertyValueSpecification","valueRequired":true,"valueName":"search_term_string"}}],"inLanguage":"es"}]}},"_links":{"self":[{"href":"https:\/\/actheatandair.com\/es\/wp-json\/wp\/v2\/pages\/5497","targetHints":{"allow":["GET"]}}],"collection":[{"href":"https:\/\/actheatandair.com\/es\/wp-json\/wp\/v2\/pages"}],"about":[{"href":"https:\/\/actheatandair.com\/es\/wp-json\/wp\/v2\/types\/page"}],"author":[{"embeddable":true,"href":"https:\/\/actheatandair.com\/es\/wp-json\/wp\/v2\/users\/1"}],"replies":[{"embeddable":true,"href":"https:\/\/actheatandair.com\/es\/wp-json\/wp\/v2\/comments?post=5497"}],"version-history":[{"count":0,"href":"https:\/\/actheatandair.com\/es\/wp-json\/wp\/v2\/pages\/5497\/revisions"}],"wp:attachment":[{"href":"https:\/\/actheatandair.com\/es\/wp-json\/wp\/v2\/media?parent=5497"}],"curies":[{"name":"wp","href":"https:\/\/api.w.org\/{rel}","templated":true}]}}