{"id":5503,"date":"2017-12-07T07:15:24","date_gmt":"2017-12-07T07:15:24","guid":{"rendered":"https:\/\/actheatandair.com\/servicio-comercial-hvac\/"},"modified":"2024-06-28T18:24:13","modified_gmt":"2024-06-28T18:24:13","slug":"servicio-comercial-hvac","status":"publish","type":"page","link":"https:\/\/actheatandair.com\/es\/servicio-comercial-hvac\/","title":{"rendered":"Servicio comercial HVAC"},"content":{"rendered":"<div class=\"wpb-content-wrapper\"><p>[vc_row][vc_column][vc_raw_html]PGRpdiBzdHlsZT0idGV4dC1hbGlnbjogY2VudGVyIj4gICAgICAgCjxpZnJhbWUgc3JjPSJodHRwczovL3d3dy5nb29nbGUuY29tL21hcHMvZW1iZWQ\/cGI9ITFtMTQhMW04ITFtMyExZDEwOTY5LjkzOTk0Njc4OTM2NyEyZC0xMjAuNTA3NDIxITNkNDYuNTc3NjQ5ITNtMiExaTEwMjQhMmk3NjghNGYxMy4xITNtMyExbTIhMXMweDAlM0EweDM3MzE1NjVjMjEzNzdjMWQhMnNBYnNvbHV0ZSUyMENvbWZvcnQlMjBUZWNobm9sb2d5JTJDTExDITVlMCEzbTIhMXNlbiEyc3VzITR2MTY3MTEzMTc5NzY2NyE1bTIhMXNlbiEyc3VzIiB3aWR0aD0iNjAwIiBoZWlnaHQ9IjQ1MCIgc3R5bGU9ImJvcmRlcjowOyIgYWxsb3dmdWxsc2NyZWVuPSIiIGxvYWRpbmc9ImxhenkiIHJlZmVycmVycG9saWN5PSJuby1yZWZlcnJlci13aGVuLWRvd25ncmFkZSI+PC9pZnJhbWU+PC9kaXY+[\/vc_raw_html][\/vc_column][\/vc_row]<\/p>\n<\/div>","protected":false},"excerpt":{"rendered":"<p>[vc_row][vc_column][vc_raw_html]PGRpdiBzdHlsZT0idGV4dC1hbGlnbjogY2VudGVyIj4gICAgICAgCjxpZnJhbWUgc3JjPSJodHRwczovL3d3dy5nb29nbGUuY29tL21hcHMvZW1iZWQ\/cGI9ITFtMTQhMW04ITFtMyExZDEwOTY5LjkzOTk0Njc4OTM2NyEyZC0xMjAuNTA3NDIxITNkNDYuNTc3NjQ5ITNtMiExaTEwMjQhMmk3NjghNGYxMy4xITNtMyExbTIhMXMweDAlM0EweDM3MzE1NjVjMjEzNzdjMWQhMnNBYnNvbHV0ZSUyMENvbWZvcnQlMjBUZWNobm9sb2d5JTJDTExDITVlMCEzbTIhMXNlbiEyc3VzITR2MTY3MTEzMTc5NzY2NyE1bTIhMXNlbiEyc3VzIiB3aWR0aD0iNjAwIiBoZWlnaHQ9IjQ1MCIgc3R5bGU9ImJvcmRlcjowOyIgYWxsb3dmdWxsc2NyZWVuPSIiIGxvYWRpbmc9ImxhenkiIHJlZmVycmVycG9saWN5PSJuby1yZWZlcnJlci13aGVuLWRvd25ncmFkZSI+PC9pZnJhbWU+PC9kaXY+[\/vc_raw_html][\/vc_column][\/vc_row]<\/p>\n","protected":false},"author":1,"featured_media":0,"parent":0,"menu_order":0,"comment_status":"closed","ping_status":"closed","template":"","meta":{"footnotes":""},"class_list":["post-5503","page","type-page","status-publish","hentry"],"yoast_head":"<!-- This site is optimized with the Yoast SEO plugin v27.4 - https:\/\/yoast.com\/product\/yoast-seo-wordpress\/ -->\n<title>Servicios Comerciales de HVAC en el Condado de Yakima | ACT - Yakima&#039;s Choice for HVAC | 509-388-2997<\/title>\n<meta name=\"description\" content=\"ACT es su opci\u00f3n n\u00famero uno para los servicios comerciales de HVAC en el condado de Yakima, WA. Ofrecemos planes de mantenimiento para mantener su sistema de aire acondicionado y calefacci\u00f3n funcionando lo m\u00e1s eficientemente posible; tambi\u00e9n ofrecemos nuevas instalaciones y reparaciones cuando sea necesario. Ll\u00e1menos hoy mismo\" \/>\n<meta name=\"robots\" content=\"index, follow, max-snippet:-1, max-image-preview:large, max-video-preview:-1\" \/>\n<link rel=\"canonical\" href=\"https:\/\/actheatandair.com\/yakima-commercial-heating-cooling-service\/\" \/>\n<meta property=\"og:locale\" content=\"es_ES\" \/>\n<meta property=\"og:type\" content=\"article\" \/>\n<meta property=\"og:title\" content=\"Servicios Comerciales de HVAC en el Condado de Yakima | ACT - Yakima&#039;s Choice for HVAC | 509-388-2997\" \/>\n<meta property=\"og:description\" content=\"ACT es su opci\u00f3n n\u00famero uno para los servicios comerciales de HVAC en el condado de Yakima, WA. Ofrecemos planes de mantenimiento para mantener su sistema de aire acondicionado y calefacci\u00f3n funcionando lo m\u00e1s eficientemente posible; tambi\u00e9n ofrecemos nuevas instalaciones y reparaciones cuando sea necesario. Ll\u00e1menos hoy mismo\" \/>\n<meta property=\"og:url\" content=\"https:\/\/actheatandair.com\/yakima-commercial-heating-cooling-service\/\" \/>\n<meta property=\"og:site_name\" content=\"ACT - Absolute Comfort Technology\" \/>\n<meta property=\"article:modified_time\" content=\"2024-06-28T18:24:13+00:00\" \/>\n<meta name=\"twitter:card\" content=\"summary_large_image\" \/>\n<script type=\"application\/ld+json\" class=\"yoast-schema-graph\">{\"@context\":\"https:\\\/\\\/schema.org\",\"@graph\":[{\"@type\":\"WebPage\",\"@id\":\"https:\\\/\\\/actheatandair.com\\\/yakima-commercial-heating-cooling-service\\\/\",\"url\":\"https:\\\/\\\/actheatandair.com\\\/yakima-commercial-heating-cooling-service\\\/\",\"name\":\"Servicios Comerciales de HVAC en el Condado de Yakima | ACT - Yakima's Choice for HVAC | 509-388-2997\",\"isPartOf\":{\"@id\":\"https:\\\/\\\/actheatandair.com\\\/#website\"},\"datePublished\":\"2017-12-07T07:15:24+00:00\",\"dateModified\":\"2024-06-28T18:24:13+00:00\",\"description\":\"ACT es su opci\u00f3n n\u00famero uno para los servicios comerciales de HVAC en el condado de Yakima, WA. Ofrecemos planes de mantenimiento para mantener su sistema de aire acondicionado y calefacci\u00f3n funcionando lo m\u00e1s eficientemente posible; tambi\u00e9n ofrecemos nuevas instalaciones y reparaciones cuando sea necesario. Ll\u00e1menos hoy mismo\",\"breadcrumb\":{\"@id\":\"https:\\\/\\\/actheatandair.com\\\/yakima-commercial-heating-cooling-service\\\/#breadcrumb\"},\"inLanguage\":\"es\",\"potentialAction\":[{\"@type\":\"ReadAction\",\"target\":[\"https:\\\/\\\/actheatandair.com\\\/yakima-commercial-heating-cooling-service\\\/\"]}]},{\"@type\":\"BreadcrumbList\",\"@id\":\"https:\\\/\\\/actheatandair.com\\\/yakima-commercial-heating-cooling-service\\\/#breadcrumb\",\"itemListElement\":[{\"@type\":\"ListItem\",\"position\":1,\"name\":\"Home\",\"item\":\"https:\\\/\\\/actheatandair.com\\\/\"},{\"@type\":\"ListItem\",\"position\":2,\"name\":\"Servicio comercial HVAC\"}]},{\"@type\":\"WebSite\",\"@id\":\"https:\\\/\\\/actheatandair.com\\\/#website\",\"url\":\"https:\\\/\\\/actheatandair.com\\\/\",\"name\":\"ACT - Absolute Comfort Technology\",\"description\":\"Yakima Best HVAC - Commercial - Residential Heating and Air Conditioning\",\"potentialAction\":[{\"@type\":\"SearchAction\",\"target\":{\"@type\":\"EntryPoint\",\"urlTemplate\":\"https:\\\/\\\/actheatandair.com\\\/?s={search_term_string}\"},\"query-input\":{\"@type\":\"PropertyValueSpecification\",\"valueRequired\":true,\"valueName\":\"search_term_string\"}}],\"inLanguage\":\"es\"}]}<\/script>\n<!-- \/ Yoast SEO plugin. -->","yoast_head_json":{"title":"Servicios Comerciales de HVAC en el Condado de Yakima | ACT - Yakima's Choice for HVAC | 509-388-2997","description":"ACT es su opci\u00f3n n\u00famero uno para los servicios comerciales de HVAC en el condado de Yakima, WA. Ofrecemos planes de mantenimiento para mantener su sistema de aire acondicionado y calefacci\u00f3n funcionando lo m\u00e1s eficientemente posible; tambi\u00e9n ofrecemos nuevas instalaciones y reparaciones cuando sea necesario. Ll\u00e1menos hoy mismo","robots":{"index":"index","follow":"follow","max-snippet":"max-snippet:-1","max-image-preview":"max-image-preview:large","max-video-preview":"max-video-preview:-1"},"canonical":"https:\/\/actheatandair.com\/yakima-commercial-heating-cooling-service\/","og_locale":"es_ES","og_type":"article","og_title":"Servicios Comerciales de HVAC en el Condado de Yakima | ACT - Yakima's Choice for HVAC | 509-388-2997","og_description":"ACT es su opci\u00f3n n\u00famero uno para los servicios comerciales de HVAC en el condado de Yakima, WA. Ofrecemos planes de mantenimiento para mantener su sistema de aire acondicionado y calefacci\u00f3n funcionando lo m\u00e1s eficientemente posible; tambi\u00e9n ofrecemos nuevas instalaciones y reparaciones cuando sea necesario. Ll\u00e1menos hoy mismo","og_url":"https:\/\/actheatandair.com\/yakima-commercial-heating-cooling-service\/","og_site_name":"ACT - Absolute Comfort Technology","article_modified_time":"2024-06-28T18:24:13+00:00","twitter_card":"summary_large_image","schema":{"@context":"https:\/\/schema.org","@graph":[{"@type":"WebPage","@id":"https:\/\/actheatandair.com\/yakima-commercial-heating-cooling-service\/","url":"https:\/\/actheatandair.com\/yakima-commercial-heating-cooling-service\/","name":"Servicios Comerciales de HVAC en el Condado de Yakima | ACT - Yakima's Choice for HVAC | 509-388-2997","isPartOf":{"@id":"https:\/\/actheatandair.com\/#website"},"datePublished":"2017-12-07T07:15:24+00:00","dateModified":"2024-06-28T18:24:13+00:00","description":"ACT es su opci\u00f3n n\u00famero uno para los servicios comerciales de HVAC en el condado de Yakima, WA. Ofrecemos planes de mantenimiento para mantener su sistema de aire acondicionado y calefacci\u00f3n funcionando lo m\u00e1s eficientemente posible; tambi\u00e9n ofrecemos nuevas instalaciones y reparaciones cuando sea necesario. Ll\u00e1menos hoy mismo","breadcrumb":{"@id":"https:\/\/actheatandair.com\/yakima-commercial-heating-cooling-service\/#breadcrumb"},"inLanguage":"es","potentialAction":[{"@type":"ReadAction","target":["https:\/\/actheatandair.com\/yakima-commercial-heating-cooling-service\/"]}]},{"@type":"BreadcrumbList","@id":"https:\/\/actheatandair.com\/yakima-commercial-heating-cooling-service\/#breadcrumb","itemListElement":[{"@type":"ListItem","position":1,"name":"Home","item":"https:\/\/actheatandair.com\/"},{"@type":"ListItem","position":2,"name":"Servicio comercial HVAC"}]},{"@type":"WebSite","@id":"https:\/\/actheatandair.com\/#website","url":"https:\/\/actheatandair.com\/","name":"ACT - Absolute Comfort Technology","description":"Yakima Best HVAC - Commercial - Residential Heating and Air Conditioning","potentialAction":[{"@type":"SearchAction","target":{"@type":"EntryPoint","urlTemplate":"https:\/\/actheatandair.com\/?s={search_term_string}"},"query-input":{"@type":"PropertyValueSpecification","valueRequired":true,"valueName":"search_term_string"}}],"inLanguage":"es"}]}},"_links":{"self":[{"href":"https:\/\/actheatandair.com\/es\/wp-json\/wp\/v2\/pages\/5503","targetHints":{"allow":["GET"]}}],"collection":[{"href":"https:\/\/actheatandair.com\/es\/wp-json\/wp\/v2\/pages"}],"about":[{"href":"https:\/\/actheatandair.com\/es\/wp-json\/wp\/v2\/types\/page"}],"author":[{"embeddable":true,"href":"https:\/\/actheatandair.com\/es\/wp-json\/wp\/v2\/users\/1"}],"replies":[{"embeddable":true,"href":"https:\/\/actheatandair.com\/es\/wp-json\/wp\/v2\/comments?post=5503"}],"version-history":[{"count":0,"href":"https:\/\/actheatandair.com\/es\/wp-json\/wp\/v2\/pages\/5503\/revisions"}],"wp:attachment":[{"href":"https:\/\/actheatandair.com\/es\/wp-json\/wp\/v2\/media?parent=5503"}],"curies":[{"name":"wp","href":"https:\/\/api.w.org\/{rel}","templated":true}]}}