{"id":5510,"date":"2016-12-15T13:28:01","date_gmt":"2016-12-15T13:28:01","guid":{"rendered":"https:\/\/actheatandair.com\/perfil-del-equipo\/"},"modified":"2023-03-15T15:48:53","modified_gmt":"2023-03-15T15:48:53","slug":"perfil-del-equipo","status":"publish","type":"page","link":"https:\/\/actheatandair.com\/es\/perfil-del-equipo\/","title":{"rendered":"Perfil del equipo"},"content":{"rendered":"<div class=\"wpb-content-wrapper\"><p>[vc_row type=\u00bbvc_default\u00bb margin_top=\u00bb0&#8243; css=\u00bb.vc_custom_1481816172412{margin-bottom: 80px !important;padding-top: 80px !important;}\u00bb][vc_column width=\u00bb5\/12&#8243; css=\u00bb.vc_custom_1481816184469{padding-bottom: 40px !important;}\u00bb offset=\u00bbvc_col-lg-4 vc_col-md-4&#8243;][vc_single_image image=\u00bb3040&#8243; img_size=\u00bb300&#215;300&#8243; alignment=\u00bbcenter\u00bb style=\u00bbvc_box_circle\u00bb image_hovers=\u00bbfalse\u00bb lazy_loading=\u00bbtrue\u00bb css=\u00bb.vc_custom_1481809997514{padding-bottom: 30px !important;}\u00bb][\/vc_column][vc_column width=\u00bb7\/12&#8243; offset=\u00bbvc_col-lg-8 vc_col-md-8&#8243;][ultimate_heading main_heading=\u00bbMiriam Richmond\u00bb alignment=\u00bbleft\u00bb el_class=\u00bbcolor-title accent-subtitle-color accent-border-color\u00bb main_heading_style=\u00bbfont-weight:bold;\u00bb main_heading_font_size=\u00bbdesktop:34px;\u00bb main_heading_line_height=\u00bbdesktop:44px;\u00bb sub_heading_font_size=\u00bbdesktop:20px;\u00bb sub_heading_line_height=\u00bbdesktop:32px;\u00bb main_heading_margin=\u00bbmargin-bottom:5px;\u00bb sub_heading_margin=\u00bbmargin-bottom:25px;\u00bb]Account Manager[\/ultimate_heading][vc_column_text css=\u00bb.vc_custom_1481816075999{padding-bottom: 50px !important;}\u00bb]Maecenas non augue consequat, sollicitudin felis in, fringilla augue. Vestibulum ante ipsum primis in faucibus orci luctus et ultrices posuere cubilia Curae; Morbi vel nulla porttitor, convallis risus sit amet, hendrerit risus.<\/p>\n<p>Duis ac felis elit. Aliquam tincidunt urna neque, non laoreet purus finibus a. Integer quis fermentum neque. Suspendisse sodales nisl dignissim tellus convallis, non rutrum neque interdum.Etiam condimentum ac lorem porttitor tristique. Praesent nec efficitur lorem. Suspendisse iaculis dolor in mauris semper, vitae sagittis risus tincidunt.<\/p>\n<p>Sed eros tortor, lacinia ut convallis id, sollicitudin at ex. Aliquam et felis eu dui eleifend tristique a id est. Donec dignissim lorem leo. Nunc convallis tempus faucibus. Duis dignissim tortor libero, non commodo urna congue in.[\/vc_column_text][vc_row_inner][vc_column_inner css=\u00bb.vc_custom_1481816126748{padding-bottom: 40px !important;}\u00bb offset=\u00bbvc_col-lg-6 vc_col-md-12&#8243;][ultimate_heading main_heading=\u00bbExperiencia\u00bb alignment=\u00bbleft\u00bb el_class=\u00bbcolor-title accent-border-color\u00bb main_heading_style=\u00bbfont-weight:bold;\u00bb main_heading_font_size=\u00bbdesktop:22px;\u00bb main_heading_line_height=\u00bbdesktop:32px;\u00bb sub_heading_font_size=\u00bbdesktop:18px;\u00bb sub_heading_line_height=\u00bbdesktop:28px;\u00bb main_heading_margin=\u00bbmargin-bottom:20px;\u00bb][\/ultimate_heading][dt_vc_list style=\u00bb2&#8243; dividers=\u00bbfalse\u00bb]<\/p>\n<ul>\n<li>Sed interdum dolor vel erat feugiat lacinia et at quam.<\/li>\n<li>Duis faucibus facilisis mi, at vehicula erat.<\/li>\n<li>Lorem in tellus sagittis auctor nec dolor amet.<\/li>\n<li>Cras ut nunc in tellus sagittis auctor nec pulvinar nisi.<\/li>\n<li>Lorem ipsum dolor amet &#8211; duis faucibus facilisis mi at vehicula.<\/li>\n<\/ul>\n<p>[\/dt_vc_list][\/vc_column_inner][vc_column_inner css=\u00bb.vc_custom_1481816132390{padding-bottom: 50px !important;}\u00bb offset=\u00bbvc_col-lg-6 vc_col-md-12&#8243;][ultimate_heading main_heading=\u00bbPersonal Skills\u00bb alignment=\u00bbleft\u00bb el_class=\u00bbcolor-title accent-border-color\u00bb main_heading_style=\u00bbfont-weight:bold;\u00bb main_heading_font_size=\u00bbdesktop:22px;\u00bb main_heading_line_height=\u00bbdesktop:32px;\u00bb sub_heading_font_size=\u00bbdesktop:18px;\u00bb sub_heading_line_height=\u00bbdesktop:28px;\u00bb main_heading_margin=\u00bbmargin-bottom:20px;\u00bb][\/ultimate_heading][vc_progress_bar values=\u00bb90|Desarrollo,80|Dise\u00f1o,70|Marketing,60|Consultor\u00eda,50|Gesti\u00f3n\u00bb options=\u00bbstriped,animated\u00bb caption_pos=\u00bbtop\u00bb][\/vc_column_inner][\/vc_row_inner][ultimate_heading main_heading=\u00bbContact Info\u00bb alignment=\u00bbleft\u00bb el_class=\u00bbcolor-title accent-border-color\u00bb main_heading_style=\u00bbfont-weight:bold;\u00bb main_heading_font_size=\u00bbdesktop:22px;\u00bb main_heading_line_height=\u00bbdesktop:32px;\u00bb sub_heading_font_size=\u00bbdesktop:18px;\u00bb sub_heading_line_height=\u00bbdesktop:28px;\u00bb main_heading_margin=\u00bbmargin-bottom:20px;\u00bb][\/ultimate_heading][vc_row_inner][vc_column_inner width=\u00bb1\/3&#8243; css=\u00bb.vc_custom_1481816212917{padding-bottom: 30px !important;}\u00bb][vc_column_text]<\/p>\n<p style=\"text-align: left;\"><strong><span class=\"color-title\">Correo electr\u00f3nico:<\/span><\/strong><br \/>\nhello@dream-theme.com<\/p>\n<p>[\/vc_column_text][\/vc_column_inner][vc_column_inner width=\u00bb1\/3&#8243; css=\u00bb.vc_custom_1481816222041{padding-bottom: 30px !important;}\u00bb][vc_column_text]<\/p>\n<p style=\"text-align: left;\"><strong><span class=\"color-title\">Skype:<\/span><\/strong><br \/>\nDreamTheme<\/p>\n<p>[\/vc_column_text][\/vc_column_inner][vc_column_inner width=\u00bb1\/3&#8243; css=\u00bb.vc_custom_1481816226570{padding-bottom: 30px !important;}\u00bb][vc_column_text]<\/p>\n<p style=\"text-align: left;\"><strong><span class=\"color-title\">N\u00famero de tel\u00e9fono:<\/span><\/strong><br \/>\n+1 (001) 987 65 43<\/p>\n<p>[\/vc_column_text][\/vc_column_inner][\/vc_row_inner][ultimate_icons css_icon=\u00bb.vc_custom_1481816232430{margin-top: 0px !important;margin-right: 0px !important;margin-bottom: 0px !important;margin-left: 0px !important;padding-top: 0px !important;padding-right: 0px !important;padding-bottom: 0px !important;padding-left: 0px !important;}\u00bb][single_icon icon=\u00bbicomoon-free-social-contact-16&#215;16-facebook\u00bb icon_size=\u00bb16&#8243; icon_margin=\u00bb5&#8243; icon_color=\u00bb#ffffff\u00bb icon_style=\u00bbadvanced\u00bb icon_color_bg=\u00bb#318ce0&#8243; icon_border_style=\u00bbsolid\u00bb icon_color_border=\u00bb\u00bb icon_border_size=\u00bb0&#8243; icon_border_radius=\u00bb500&#8243; icon_border_spacing=\u00bb36&#8243;][single_icon icon=\u00bbicomoon-free-social-contact-16&#215;16-instagram\u00bb icon_size=\u00bb16&#8243; icon_margin=\u00bb5&#8243; icon_color=\u00bb#ffffff\u00bb icon_style=\u00bbadvanced\u00bb icon_color_bg=\u00bb#e231bf\u00bb icon_border_style=\u00bbsolid\u00bb icon_color_border=\u00bb\u00bb icon_border_size=\u00bb0&#8243; icon_border_radius=\u00bb500&#8243; icon_border_spacing=\u00bb36&#8243;][single_icon icon=\u00bbicomoon-free-social-contact-16&#215;16-twitter\u00bb icon_size=\u00bb16&#8243; icon_margin=\u00bb5&#8243; icon_color=\u00bb#ffffff\u00bb icon_style=\u00bbadvanced\u00bb icon_color_bg=\u00bb#33c9ea\u00bb icon_border_style=\u00bbsolid\u00bb icon_color_border=\u00bb\u00bb icon_border_size=\u00bb0&#8243; icon_border_radius=\u00bb500&#8243; icon_border_spacing=\u00bb36&#8243;][single_icon icon=\u00bbicomoon-free-social-contact-16&#215;16-behance\u00bb icon_size=\u00bb16&#8243; icon_margin=\u00bb5&#8243; icon_color=\u00bb#ffffff\u00bb icon_style=\u00bbadvanced\u00bb icon_color_bg=\u00bb#222222&#8243; icon_border_style=\u00bbsolid\u00bb icon_color_border=\u00bb\u00bb icon_border_size=\u00bb0&#8243; icon_border_radius=\u00bb500&#8243; icon_border_spacing=\u00bb36&#8243;][\/ultimate_icons][\/vc_column][\/vc_row]<\/p>\n<\/div>","protected":false},"excerpt":{"rendered":"<p>[vc_row type=\u00bbvc_default\u00bb margin_top=\u00bb0&#8243; css=\u00bb.vc_custom_1481816172412{margin-bottom: 80px !important;padding-top: 80px !important;}\u00bb][vc_column width=\u00bb5\/12&#8243; css=\u00bb.vc_custom_1481816184469{padding-bottom: 40px !important;}\u00bb offset=\u00bbvc_col-lg-4 vc_col-md-4&#8243;][vc_single_image image=\u00bb3040&#8243; img_size=\u00bb300&#215;300&#8243; alignment=\u00bbcenter\u00bb style=\u00bbvc_box_circle\u00bb image_hovers=\u00bbfalse\u00bb lazy_loading=\u00bbtrue\u00bb css=\u00bb.vc_custom_1481809997514{padding-bottom: 30px !important;}\u00bb][\/vc_column][vc_column width=\u00bb7\/12&#8243; offset=\u00bbvc_col-lg-8 vc_col-md-8&#8243;][ultimate_heading<span class=\"excerpt-hellip\"> [\u2026]<\/span><\/p>\n","protected":false},"author":1,"featured_media":0,"parent":0,"menu_order":10,"comment_status":"closed","ping_status":"closed","template":"","meta":{"footnotes":""},"class_list":["post-5510","page","type-page","status-publish","hentry"],"yoast_head":"<!-- This site is optimized with the Yoast SEO plugin v27.4 - https:\/\/yoast.com\/product\/yoast-seo-wordpress\/ -->\n<title>Perfil del equipo - ACT - Absolute Comfort Technology<\/title>\n<meta name=\"robots\" content=\"index, follow, max-snippet:-1, max-image-preview:large, max-video-preview:-1\" \/>\n<link rel=\"canonical\" href=\"https:\/\/actheatandair.com\/team-profile\/\" \/>\n<meta property=\"og:locale\" content=\"es_ES\" \/>\n<meta property=\"og:type\" content=\"article\" \/>\n<meta property=\"og:title\" content=\"Perfil del equipo - ACT - Absolute Comfort Technology\" \/>\n<meta property=\"og:description\" content=\"[vc_row type=\u00bbvc_default\u00bb margin_top=\u00bb0&#8243; css=\u00bb.vc_custom_1481816172412{margin-bottom: 80px !important;padding-top: 80px !important;}\u00bb][vc_column width=\u00bb5\/12&#8243; css=\u00bb.vc_custom_1481816184469{padding-bottom: 40px !important;}\u00bb offset=\u00bbvc_col-lg-4 vc_col-md-4&#8243;][vc_single_image image=\u00bb3040&#8243; img_size=\u00bb300&#215;300&#8243; alignment=\u00bbcenter\u00bb style=\u00bbvc_box_circle\u00bb image_hovers=\u00bbfalse\u00bb lazy_loading=\u00bbtrue\u00bb css=\u00bb.vc_custom_1481809997514{padding-bottom: 30px !important;}\u00bb][\/vc_column][vc_column width=\u00bb7\/12&#8243; offset=\u00bbvc_col-lg-8 vc_col-md-8&#8243;][ultimate_heading [\u2026]\" \/>\n<meta property=\"og:url\" content=\"https:\/\/actheatandair.com\/team-profile\/\" \/>\n<meta property=\"og:site_name\" content=\"ACT - Absolute Comfort Technology\" \/>\n<meta property=\"article:modified_time\" content=\"2023-03-15T15:48:53+00:00\" \/>\n<meta name=\"twitter:card\" content=\"summary_large_image\" \/>\n<script type=\"application\/ld+json\" class=\"yoast-schema-graph\">{\"@context\":\"https:\\\/\\\/schema.org\",\"@graph\":[{\"@type\":\"WebPage\",\"@id\":\"https:\\\/\\\/actheatandair.com\\\/team-profile\\\/\",\"url\":\"https:\\\/\\\/actheatandair.com\\\/team-profile\\\/\",\"name\":\"Perfil del equipo - ACT - Absolute Comfort Technology\",\"isPartOf\":{\"@id\":\"https:\\\/\\\/actheatandair.com\\\/#website\"},\"datePublished\":\"2016-12-15T13:28:01+00:00\",\"dateModified\":\"2023-03-15T15:48:53+00:00\",\"breadcrumb\":{\"@id\":\"https:\\\/\\\/actheatandair.com\\\/team-profile\\\/#breadcrumb\"},\"inLanguage\":\"es\",\"potentialAction\":[{\"@type\":\"ReadAction\",\"target\":[\"https:\\\/\\\/actheatandair.com\\\/team-profile\\\/\"]}]},{\"@type\":\"BreadcrumbList\",\"@id\":\"https:\\\/\\\/actheatandair.com\\\/team-profile\\\/#breadcrumb\",\"itemListElement\":[{\"@type\":\"ListItem\",\"position\":1,\"name\":\"Home\",\"item\":\"https:\\\/\\\/actheatandair.com\\\/\"},{\"@type\":\"ListItem\",\"position\":2,\"name\":\"Perfil del equipo\"}]},{\"@type\":\"WebSite\",\"@id\":\"https:\\\/\\\/actheatandair.com\\\/#website\",\"url\":\"https:\\\/\\\/actheatandair.com\\\/\",\"name\":\"ACT - Absolute Comfort Technology\",\"description\":\"Yakima Best HVAC - Commercial - Residential Heating and Air Conditioning\",\"potentialAction\":[{\"@type\":\"SearchAction\",\"target\":{\"@type\":\"EntryPoint\",\"urlTemplate\":\"https:\\\/\\\/actheatandair.com\\\/?s={search_term_string}\"},\"query-input\":{\"@type\":\"PropertyValueSpecification\",\"valueRequired\":true,\"valueName\":\"search_term_string\"}}],\"inLanguage\":\"es\"}]}<\/script>\n<!-- \/ Yoast SEO plugin. -->","yoast_head_json":{"title":"Perfil del equipo - ACT - Absolute Comfort Technology","robots":{"index":"index","follow":"follow","max-snippet":"max-snippet:-1","max-image-preview":"max-image-preview:large","max-video-preview":"max-video-preview:-1"},"canonical":"https:\/\/actheatandair.com\/team-profile\/","og_locale":"es_ES","og_type":"article","og_title":"Perfil del equipo - ACT - Absolute Comfort Technology","og_description":"[vc_row type=\u00bbvc_default\u00bb margin_top=\u00bb0&#8243; css=\u00bb.vc_custom_1481816172412{margin-bottom: 80px !important;padding-top: 80px !important;}\u00bb][vc_column width=\u00bb5\/12&#8243; css=\u00bb.vc_custom_1481816184469{padding-bottom: 40px !important;}\u00bb offset=\u00bbvc_col-lg-4 vc_col-md-4&#8243;][vc_single_image image=\u00bb3040&#8243; img_size=\u00bb300&#215;300&#8243; alignment=\u00bbcenter\u00bb style=\u00bbvc_box_circle\u00bb image_hovers=\u00bbfalse\u00bb lazy_loading=\u00bbtrue\u00bb css=\u00bb.vc_custom_1481809997514{padding-bottom: 30px !important;}\u00bb][\/vc_column][vc_column width=\u00bb7\/12&#8243; offset=\u00bbvc_col-lg-8 vc_col-md-8&#8243;][ultimate_heading [\u2026]","og_url":"https:\/\/actheatandair.com\/team-profile\/","og_site_name":"ACT - Absolute Comfort Technology","article_modified_time":"2023-03-15T15:48:53+00:00","twitter_card":"summary_large_image","schema":{"@context":"https:\/\/schema.org","@graph":[{"@type":"WebPage","@id":"https:\/\/actheatandair.com\/team-profile\/","url":"https:\/\/actheatandair.com\/team-profile\/","name":"Perfil del equipo - ACT - Absolute Comfort Technology","isPartOf":{"@id":"https:\/\/actheatandair.com\/#website"},"datePublished":"2016-12-15T13:28:01+00:00","dateModified":"2023-03-15T15:48:53+00:00","breadcrumb":{"@id":"https:\/\/actheatandair.com\/team-profile\/#breadcrumb"},"inLanguage":"es","potentialAction":[{"@type":"ReadAction","target":["https:\/\/actheatandair.com\/team-profile\/"]}]},{"@type":"BreadcrumbList","@id":"https:\/\/actheatandair.com\/team-profile\/#breadcrumb","itemListElement":[{"@type":"ListItem","position":1,"name":"Home","item":"https:\/\/actheatandair.com\/"},{"@type":"ListItem","position":2,"name":"Perfil del equipo"}]},{"@type":"WebSite","@id":"https:\/\/actheatandair.com\/#website","url":"https:\/\/actheatandair.com\/","name":"ACT - Absolute Comfort Technology","description":"Yakima Best HVAC - Commercial - Residential Heating and Air Conditioning","potentialAction":[{"@type":"SearchAction","target":{"@type":"EntryPoint","urlTemplate":"https:\/\/actheatandair.com\/?s={search_term_string}"},"query-input":{"@type":"PropertyValueSpecification","valueRequired":true,"valueName":"search_term_string"}}],"inLanguage":"es"}]}},"_links":{"self":[{"href":"https:\/\/actheatandair.com\/es\/wp-json\/wp\/v2\/pages\/5510","targetHints":{"allow":["GET"]}}],"collection":[{"href":"https:\/\/actheatandair.com\/es\/wp-json\/wp\/v2\/pages"}],"about":[{"href":"https:\/\/actheatandair.com\/es\/wp-json\/wp\/v2\/types\/page"}],"author":[{"embeddable":true,"href":"https:\/\/actheatandair.com\/es\/wp-json\/wp\/v2\/users\/1"}],"replies":[{"embeddable":true,"href":"https:\/\/actheatandair.com\/es\/wp-json\/wp\/v2\/comments?post=5510"}],"version-history":[{"count":0,"href":"https:\/\/actheatandair.com\/es\/wp-json\/wp\/v2\/pages\/5510\/revisions"}],"wp:attachment":[{"href":"https:\/\/actheatandair.com\/es\/wp-json\/wp\/v2\/media?parent=5510"}],"curies":[{"name":"wp","href":"https:\/\/api.w.org\/{rel}","templated":true}]}}